{"id":1500,"date":"2021-11-15T18:57:18","date_gmt":"2021-11-15T18:57:18","guid":{"rendered":"https:\/\/et-schimpl.at\/?page_id=1500"},"modified":"2022-03-10T07:51:54","modified_gmt":"2022-03-10T07:51:54","slug":"impressum","status":"publish","type":"page","link":"https:\/\/et-schimpl.at\/?page_id=1500","title":{"rendered":"Impressum"},"content":{"rendered":"<div data-colibri-id=\"1500-c1\" class=\"style-1875 style-local-1500-c1 position-relative\">\n  <div class=\"background-wrapper\">\n    <div class=\"background-layer background-layer-media-container-lg\">\n      <!---->\n      <div class=\"overlay-layer\">\n        <div class=\"overlay-image-layer\"><\/div>\n        <div class=\"shape-layer colibri-shape-rounded-squares-blue\" style=\"background-position: center center; background-size: cover; background-repeat: no-repeat; filter: invert(0%);\"><\/div>\n      <\/div>\n    <\/div>\n    <div class=\"background-layer background-layer-media-container-md\">\n      <!---->\n      <div class=\"overlay-layer\">\n        <div class=\"overlay-image-layer\"><\/div>\n        <div class=\"shape-layer colibri-shape-rounded-squares-blue\" style=\"background-position: center center; background-size: cover; background-repeat: no-repeat; filter: invert(0%);\"><\/div>\n      <\/div>\n    <\/div>\n    <div class=\"background-layer background-layer-media-container\">\n      <!---->\n      <div class=\"overlay-layer\">\n        <div class=\"overlay-image-layer\"><\/div>\n        <div class=\"shape-layer colibri-shape-rounded-squares-blue\" style=\"background-position: center center; background-size: cover; background-repeat: no-repeat; filter: invert(0%);\"><\/div>\n      <\/div>\n    <\/div>\n  <\/div>\n  <div data-colibri-component=\"section\" data-colibri-id=\"1500-c2\" id=\"about\" class=\"h-section h-section-global-spacing d-flex align-items-lg-center align-items-md-center align-items-center style-1959 style-local-1500-c2 position-relative\">\n    <div class=\"background-wrapper\">\n      <div class=\"background-layer background-layer-media-container-lg\">\n        <!---->\n        <div class=\"overlay-layer\">\n          <div class=\"overlay-image-layer\" style=\"background-color: rgba(0, 0, 0, 0); opacity: 0.5;\"><\/div>\n          <div class=\"shape-layer colibri-shape-rounded-squares-blue\" style=\"background-position: center center; background-size: cover; background-repeat: no-repeat; filter: invert(0%);\"><\/div>\n        <\/div>\n      <\/div>\n      <div class=\"background-layer background-layer-media-container-md\">\n        <!---->\n        <div class=\"overlay-layer\">\n          <div class=\"overlay-image-layer\" style=\"background-color: rgba(0, 0, 0, 0); opacity: 0.5;\"><\/div>\n          <div class=\"shape-layer colibri-shape-rounded-squares-blue\" style=\"background-position: center center; background-size: cover; background-repeat: no-repeat; filter: invert(0%);\"><\/div>\n        <\/div>\n      <\/div>\n      <div class=\"background-layer background-layer-media-container\">\n        <!---->\n        <div class=\"overlay-layer\">\n          <div class=\"overlay-image-layer\" style=\"background-color: rgba(0, 0, 0, 0); opacity: 0.5;\"><\/div>\n          <div class=\"shape-layer colibri-shape-rounded-squares-blue\" style=\"background-position: center center; background-size: cover; background-repeat: no-repeat; filter: invert(0%);\"><\/div>\n        <\/div>\n      <\/div>\n    <\/div>\n    <!---->\n    <div class=\"h-section-grid-container h-section-boxed-container\">\n      <!---->\n      <div data-colibri-id=\"1500-c3\" class=\"h-row-container gutters-row-lg-3 gutters-row-md-3 gutters-row-0 gutters-row-v-lg-3 gutters-row-v-md-3 gutters-row-v-0 style-1960 style-local-1500-c3 position-relative\">\n        <!---->\n        <div class=\"h-row justify-content-lg-start justify-content-md-start justify-content-start align-items-lg-stretch align-items-md-stretch align-items-stretch gutters-col-lg-3 gutters-col-md-3 gutters-col-0 gutters-col-v-lg-3 gutters-col-v-md-3 gutters-col-v-0\">\n          <!---->\n          <div data-aos=\"fadeInLeft\" class=\"h-column h-column-container d-flex h-col-lg-auto h-col-md-auto h-col-auto style-1961-outer style-local-1500-c4-outer\">\n            <div data-colibri-id=\"1500-c4\" class=\"d-flex h-flex-basis h-column__inner h-px-lg-0 h-px-md-0 h-px-3 v-inner-lg-0 v-inner-md-0 v-inner-0 style-1961 style-local-1500-c4 position-relative\">\n              <!---->\n              <!---->\n              <div class=\"w-100 h-y-container h-column__content h-column__v-align flex-basis-100 align-self-lg-start align-self-md-start align-self-start\">\n                <!---->\n                <div data-colibri-id=\"1500-c5\" class=\"h-global-transition-all h-heading style-1963 style-local-1500-c5 position-relative h-element\">\n                  <!---->\n                  <div class=\"h-heading__outer style-1963 style-local-1500-c5\">\n                    <!---->\n                    <!---->\n                    <h2 class=\"\">Impressum<\/h2>\n                  <\/div>\n                <\/div>\n                <div data-colibri-id=\"1500-c6\" class=\"h-text h-text-component style-1966 style-local-1500-c6 position-relative h-element\">\n                  <!---->\n                  <!---->\n                  <div class=\"\">\n                    <p><span style=\"color: rgb(0, 0, 0); font-weight: 400;\">F\u00fcr den Inhalt verantwortlich:<\/span><\/p>\n                  <\/div>\n                <\/div>\n                <div data-colibri-id=\"1500-c7\" class=\"h-text h-text-component style-1964 style-local-1500-c7 position-relative h-element\">\n                  <!---->\n                  <!---->\n                  <div class=\"\">\n                    <p><span style=\"font-weight: 300;\">Elektrotechnik Schimpl<\/span><\/p>\n                    <p><span style=\"font-weight: 300;\">Moos 81<\/span><\/p>\n                    <p><span style=\"font-weight: 300;\">A &#8211; 8543 St. Peter im Sulmtal<\/span><\/p>\n                    <p><span style=\"font-weight: 300;\">Telefon: 03467 \/ 8070&nbsp;<\/span><\/p>\n                    <p><span style=\"font-weight: 300;\">E-Mail: office@et-schimpl.at<\/span><\/p>\n                  <\/div>\n                <\/div>\n                <div data-colibri-id=\"1500-c8\" class=\"h-text h-text-component style-1966 style-local-1500-c8 position-relative h-element\">\n                  <!---->\n                  <!---->\n                  <div class=\"\">\n                    <p><span style=\"color: rgb(0, 0, 0); font-weight: 400;\">ECG-Informationen<\/span><\/p>\n                  <\/div>\n                <\/div>\n                <div data-colibri-id=\"1500-c9\" class=\"h-text h-text-component style-1964 style-local-1500-c9 position-relative h-element\">\n                  <!---->\n                  <!---->\n                  <div class=\"\">\n                    <p>Firmengericht: <span style=\"font-weight: 300;\">Bezirksgericht Deutschlandsberg<\/span><\/p>\n                    <p>Beh\u00f6rde gem. ECG: <span style=\"font-weight: 300;\">Bezirkshauptmannschaft Deutschlandsberg<\/span><\/p>\n                    <p>Unternehmensgegenstand: <span style=\"font-weight: 300;\">Elektrotechniker, Errichter von Alarmanlagen<\/span><\/p>\n                    <p>Zugeh\u00f6rigkeit: <span style=\"font-weight: 300;\">WKO Steiermark, LI Elektro-, Geb\u00e4ude-, Alarm- und Kommunikationstechniker<\/span><\/p>\n                    <p>UID-Nummer: <span style=\"font-weight: 300;\">ATU 59816033<\/span><\/p>\n                    <p>\n                      <br>\n                    <\/p>\n                    <p>Bankverbindung: <span style=\"font-weight: 300;\">Steierm\u00e4rkische Sparkasse<\/span><\/p>\n                    <p><span style=\"font-weight: 300;\">IBAN: AT80 2081 5070 0003 6967<\/span><\/p>\n                    <p><span style=\"font-weight: 300;\">BIC: STSPAT2G<\/span><\/p>\n                    <p>\n                      <br>\n                    <\/p>\n                    <p>Allgemeine Gesch\u00e4ftsbedingungen:<\/p>\n                  <\/div>\n                <\/div>\n                <div data-colibri-id=\"1500-c10\" class=\"h-x-container style-2146 style-local-1500-c10 position-relative h-element\">\n                  <!---->\n                  <div class=\"h-x-container-inner style-dynamic-1500-c10-group style-2146-spacing style-local-1500-c10-spacing\"><span class=\"h-link__outer style-2147-outer style-local-1500-c11-outer d-inline-flex h-element\"><a h-use-smooth-scroll=\"true\" href=\"https:\/\/et-schimpl.at\/wp-content\/uploads\/2022\/01\/elektrotechniker-agb.pdf\"  data-colibri-id=\"1500-c11\" class=\"d-flex w-100 align-items-center h-link style-2147 style-local-1500-c11 position-relative\"><!----><!----> <span>Elektrotechniker AGB<\/span><\/a>\n                    <\/span>\n                  <\/div>\n                <\/div>\n                <div data-colibri-id=\"1500-c12\" class=\"h-text h-text-component style-1964 style-local-1500-c12 position-relative h-element\">\n                  <!---->\n                  <!---->\n                  <div class=\"\">\n                    <p><strong style=\"color: rgb(0, 0, 0); font-weight: 400;\">Fotos:<\/strong><strong style=\"color: rgb(0, 0, 0); font-weight: 300;\"> Elektrotechnik Schimpl; freepik.com; pixabay.com<\/strong><\/p>\n                  <\/div>\n                <\/div>\n                <div data-colibri-id=\"1500-c13\" class=\"h-text h-text-component style-1966 style-local-1500-c13 position-relative h-element\">\n                  <!---->\n                  <!---->\n                  <div class=\"\">\n                    <p><span style=\"color: rgb(0, 0, 0); font-weight: 400;\">Angaben zur Online-Streitbeilegung<\/span><\/p>\n                  <\/div>\n                <\/div>\n                <div data-colibri-id=\"1500-c14\" class=\"h-text h-text-component style-1966 style-local-1500-c14 position-relative h-element\">\n                  <!---->\n                  <!---->\n                  <div class=\"\">\n                    <p><span style=\"font-weight: 300; color: rgb(0, 0, 0);\">Verbraucher haben die M\u00f6glichkeit, Beschwerden an die Online-Streitbeilegungsplattform der EU zu richten:&nbsp;<\/span><span style=\"color: rgb(3, 106, 175);\">http:\/\/ec.europa.eu\/odr.&nbsp;<\/span>\n                      <span\n                        style=\"font-weight: 300;\">Sie k\u00f6nnen allf\u00e4llige Beschwerden auch an die oben angegebene E-Mail-Adresse richten.<\/span>\n                    <\/p>\n                  <\/div>\n                <\/div>\n                <div data-colibri-id=\"1500-c15\" class=\"h-text h-text-component style-1966 style-local-1500-c15 position-relative h-element\">\n                  <!---->\n                  <!---->\n                  <div class=\"\">\n                    <p><span style=\"font-weight: 400; color: rgb(0, 0, 0);\">Haftung f\u00fcr Links<\/span><\/p>\n                  <\/div>\n                <\/div>\n                <div data-colibri-id=\"1500-c16\" class=\"h-text h-text-component style-1966 style-local-1500-c16 position-relative h-element\">\n                  <!---->\n                  <!---->\n                  <div class=\"\">\n                    <p><span style=\"font-weight: 300; color: rgb(0, 0, 0);\">Diese Webseite enth\u00e4lt Links zu externen Webseiten Dritter, auf deren Inhalte wir keinen Einfluss haben. Deshalb k\u00f6nnen wir f\u00fcr diese fremden Inhalte auch keine Gew\u00e4hr \u00fcbernehmen. F\u00fcr die Inhalte der verlinkten Seiten ist stets der jeweilige Anbieter oder Betreiber verantwortlich. Die verlinkten Seiten wurden zum Zeitpunkt der Verlinkung auf m\u00f6gliche Rechtsverst\u00f6\u00dfe \u00fcberpr\u00fcft. Rechtswidrige Inhalte waren zum Zeitpunkt der Verlinkung nicht erkennbar. Eine permanente inhaltliche Kontrolle der verlinkten Seiten ist jedoch ohne konkrete Anhaltspunkte einer Rechtsverletzung nicht zumutbar. Bei bekannt werden von Rechtsverletzungen werden wir derartige Links umgehend entfernen.<\/span><\/p>\n                  <\/div>\n                <\/div>\n                <div data-colibri-id=\"1500-c17\" class=\"h-text h-text-component style-1966 style-local-1500-c17 position-relative h-element\">\n                  <!---->\n                  <!---->\n                  <div class=\"\">\n                    <p><span style=\"font-weight: 400; color: rgb(0, 0, 0);\">Social Plugins<\/span><\/p>\n                  <\/div>\n                <\/div>\n                <div data-colibri-id=\"1500-c18\" class=\"h-text h-text-component style-1966 style-local-1500-c18 position-relative h-element\">\n                  <!---->\n                  <!---->\n                  <div class=\"\">\n                    <p><span style=\"font-weight: 300; color: rgb(0, 0, 0);\">Auf dieser Webseite werden Plugins des sozialen Netzwerk Facebook, Facebook Inc., Menlo Park, California, USA, in Form des Facebook-Logos  integriert. Das Plugin erm\u00f6glicht eine direkte Verbindung zwischen dem Browser des Nutzers und Facebook. Facebook ermittelt so Informationen (insbesondere Datum und Uhrzeit des Webseiten-Aufrufs und sonstige browserbezogene Informationen) des Nutzers auf der Webseite. Wenn der Nutzer das Facebook-Logo  anklickt, w\u00e4hrend der Nutzer in seinem Facebook-Account  eingeloggt ist, ist es Facebook  m\u00f6glich, den Besuch auf der Webseite dem Profil des Nutzers zuzuordnen. Weitergehende Informationen finden Sie hier: <\/span>\n                      <span\n                        style=\"font-weight: 400; color: rgb(3, 106, 175);\">https:\/\/www.facebook.com\/help\/186325668085084<\/span><span style=\"font-weight: 300; color: rgb(0, 0, 0);\"> . Mit Besuch der Webseite erkl\u00e4ren Sie sich mit einer derartigen Verwendung Ihrer Nutzer-Informationen ausdr\u00fccklich einverstanden.<\/span><\/p>\n                  <\/div>\n                <\/div>\n              <\/div>\n            <\/div>\n          <\/div>\n        <\/div>\n      <\/div>\n    <\/div>\n  <\/div>\n<\/div>","protected":false},"excerpt":{"rendered":"<p>Impressum F\u00fcr den Inhalt verantwortlich: Elektrotechnik Schimpl Moos 81 A &#8211; 8543 St. Peter im Sulmtal Telefon: 03467 \/ 8070&nbsp; E-Mail: office@et-schimpl.at ECG-Informationen Firmengericht: Bezirksgericht Deutschlandsberg Beh\u00f6rde gem. ECG: Bezirkshauptmannschaft Deutschlandsberg Unternehmensgegenstand: Elektrotechniker, Errichter von Alarmanlagen Zugeh\u00f6rigkeit: WKO Steiermark, LI Elektro-, Geb\u00e4ude-, Alarm- und Kommunikationstechniker UID-Nummer: ATU 59816033 Bankverbindung: Steierm\u00e4rkische Sparkasse IBAN: AT80 2081 5070 [&hellip;]<\/p>\n","protected":false},"author":1,"featured_media":0,"parent":0,"menu_order":0,"comment_status":"closed","ping_status":"closed","template":"page-templates\/full-width-page.php","meta":[],"_links":{"self":[{"href":"https:\/\/et-schimpl.at\/index.php?rest_route=\/wp\/v2\/pages\/1500"}],"collection":[{"href":"https:\/\/et-schimpl.at\/index.php?rest_route=\/wp\/v2\/pages"}],"about":[{"href":"https:\/\/et-schimpl.at\/index.php?rest_route=\/wp\/v2\/types\/page"}],"author":[{"embeddable":true,"href":"https:\/\/et-schimpl.at\/index.php?rest_route=\/wp\/v2\/users\/1"}],"replies":[{"embeddable":true,"href":"https:\/\/et-schimpl.at\/index.php?rest_route=%2Fwp%2Fv2%2Fcomments&post=1500"}],"version-history":[{"count":20,"href":"https:\/\/et-schimpl.at\/index.php?rest_route=\/wp\/v2\/pages\/1500\/revisions"}],"predecessor-version":[{"id":2907,"href":"https:\/\/et-schimpl.at\/index.php?rest_route=\/wp\/v2\/pages\/1500\/revisions\/2907"}],"wp:attachment":[{"href":"https:\/\/et-schimpl.at\/index.php?rest_route=%2Fwp%2Fv2%2Fmedia&parent=1500"}],"curies":[{"name":"wp","href":"https:\/\/api.w.org\/{rel}","templated":true}]}}